{"id":18,"date":"2019-09-15T19:25:06","date_gmt":"2019-09-15T17:25:06","guid":{"rendered":"http:\/\/lucieclouard.fr\/?page_id=18"},"modified":"2021-05-30T18:26:48","modified_gmt":"2021-05-30T16:26:48","slug":"contact","status":"publish","type":"page","link":"https:\/\/lucieclouard.fr\/?page_id=18","title":{"rendered":"Contact"},"content":{"rendered":"\n<div class=\"wp-block-columns\">\n<div class=\"wp-block-column\" style=\"flex-basis:100%\">\n<div class=\"wp-block-columns\">\n<div class=\"wp-block-column\" style=\"flex-basis:100%\">\n<div class=\"wp-block-group\"><div class=\"wp-block-group__inner-container\">\n<p style=\"text-align: justify;\n  text-justify: inter-word;\n\">Lucie Clouard est une photographe fran\u00e7aise n\u00e9e en 2000. Apr\u00e8s l\u2019obtention de son bac scientifique, elle entre \u00e0 l\u2019EFET, une \u00e9cole de photographie \u00e0 Paris. Lors de sa premi\u00e8re ann\u00e9e, elle a particip\u00e9 \u00e0 une exposition collective \u00e0 La Maison Des Ensembles dans le 11e arrondissement. Elle a eu l\u2019opportunit\u00e9 de suivre le photographe et vid\u00e9aste Ludovic Baron \u00e0 l\u2019occasion d\u2019un stage lors de sa 2e ann\u00e9e. Essentiellement en couleur, sa pratique photographique est ax\u00e9e sur la mise en sc\u00e8ne de produits et la retouche. Elle attache un soin particulier au travail de la lumi\u00e8re et de la chromie.<\/p>\n\n\n\n<p><\/p>\n<\/div><\/div>\n<\/div>\n<\/div>\n<\/div>\n<\/div>\n\n\n\n<figure class=\"wp-block-image size-large is-resized\"><img loading=\"lazy\" src=\"http:\/\/lucieclouard.fr\/wp-content\/uploads\/2021\/05\/Capture-mail-1.png\" alt=\"\" class=\"wp-image-587\" width=\"195\" height=\"26\"\/><\/figure>\n\n\n\n<p>06 25 53 52 64<\/p>\n\n\n\n<p><a rel=\"noreferrer noopener\" href=\"https:\/\/www.instagram.com\/light_luciole\/\" target=\"_blank\"><img loading=\"lazy\" width=\"300\" height=\"300\" class=\"wp-image-549\" style=\"width: 20px;display: inline\" src=\"http:\/\/lucieclouard.fr\/wp-content\/uploads\/2021\/05\/th.jpg\" alt=\"\" srcset=\"https:\/\/lucieclouard.fr\/wp-content\/uploads\/2021\/05\/th.jpg 300w, https:\/\/lucieclouard.fr\/wp-content\/uploads\/2021\/05\/th-150x150.jpg 150w, https:\/\/lucieclouard.fr\/wp-content\/uploads\/2021\/05\/th-50x50.jpg 50w\" sizes=\"(max-width: 300px) 100vw, 300px\" \/>&nbsp;light_luciole<\/a>  <\/p>\n\n\n\n<p class=\"has-text-align-center\"><\/p>\n","protected":false},"excerpt":{"rendered":"<p>06 25 53 52 64 &nbsp;light_luciole<\/p>\n","protected":false},"author":2,"featured_media":0,"parent":0,"menu_order":0,"comment_status":"closed","ping_status":"closed","template":"","meta":{"ngg_post_thumbnail":0},"_links":{"self":[{"href":"https:\/\/lucieclouard.fr\/index.php?rest_route=\/wp\/v2\/pages\/18"}],"collection":[{"href":"https:\/\/lucieclouard.fr\/index.php?rest_route=\/wp\/v2\/pages"}],"about":[{"href":"https:\/\/lucieclouard.fr\/index.php?rest_route=\/wp\/v2\/types\/page"}],"author":[{"embeddable":true,"href":"https:\/\/lucieclouard.fr\/index.php?rest_route=\/wp\/v2\/users\/2"}],"replies":[{"embeddable":true,"href":"https:\/\/lucieclouard.fr\/index.php?rest_route=%2Fwp%2Fv2%2Fcomments&post=18"}],"version-history":[{"count":39,"href":"https:\/\/lucieclouard.fr\/index.php?rest_route=\/wp\/v2\/pages\/18\/revisions"}],"predecessor-version":[{"id":802,"href":"https:\/\/lucieclouard.fr\/index.php?rest_route=\/wp\/v2\/pages\/18\/revisions\/802"}],"wp:attachment":[{"href":"https:\/\/lucieclouard.fr\/index.php?rest_route=%2Fwp%2Fv2%2Fmedia&parent=18"}],"curies":[{"name":"wp","href":"https:\/\/api.w.org\/{rel}","templated":true}]}}