{"id":337,"date":"2021-03-06T15:16:20","date_gmt":"2021-03-06T14:16:20","guid":{"rendered":"http:\/\/lucieclouard.fr\/?page_id=337"},"modified":"2021-06-20T23:21:20","modified_gmt":"2021-06-20T21:21:20","slug":"personnel","status":"publish","type":"page","link":"https:\/\/lucieclouard.fr\/?page_id=337","title":{"rendered":"Personnel"},"content":{"rendered":"\n<h2 class=\"has-text-align-center\" id=\"DM17A\">DM17A<\/h2>\n\n\n\n&nbsp;&nbsp;&nbsp;&nbsp;\n\n\n\n<p style=\"text-align: justify;\n  text-justify: inter-word;\n\">En hiver, tous les trajets en transports en communs se ressemblent. Il fait nuit, froid&nbsp;et la fatigue de fin d\u2019ann\u00e9e se fait ressentir. Lorsque l\u2019on rentre dans le DM17A (bus allant de Longpont-sur-Orge \u00e0 la gare de Sainte-Genevi\u00e8ve-des-Bois), on passe du froid \u00e0 la chaleur et de l\u2019obscurit\u00e9 \u00e0 la lumi\u00e8re des n\u00e9ons. Les reflets des personnes \u00e0 l\u2019int\u00e9rieur, les phares des voitures \u00e0 l\u2019ext\u00e9rieur, la bu\u00e9e, la pluie&nbsp;: tout se m\u00e9lange&nbsp;; masquant partiellement la r\u00e9alit\u00e9 de ces travailleurs de banlieue qui rentrent \u00e0 leur domicile dans l\u2019obscurit\u00e9.<\/p>\n\n\n\n&nbsp;&nbsp;&nbsp;&nbsp;\n\n\n\n<div class=\"wp-block-image\"><figure class=\"aligncenter size-large is-resized\"><img loading=\"lazy\" src=\"http:\/\/lucieclouard.fr\/wp-content\/uploads\/2021\/05\/LC_5194-copie-Site.jpg\" alt=\"\" class=\"wp-image-607\" width=\"509\" height=\"362\" srcset=\"https:\/\/lucieclouard.fr\/wp-content\/uploads\/2021\/05\/LC_5194-copie-Site.jpg 1024w, https:\/\/lucieclouard.fr\/wp-content\/uploads\/2021\/05\/LC_5194-copie-Site-300x214.jpg 300w, https:\/\/lucieclouard.fr\/wp-content\/uploads\/2021\/05\/LC_5194-copie-Site-768x548.jpg 768w\" sizes=\"(max-width: 509px) 100vw, 509px\" \/><\/figure><\/div>\n\n\n\n<div class=\"wp-block-image\"><figure class=\"aligncenter size-large is-resized\"><img loading=\"lazy\" src=\"http:\/\/lucieclouard.fr\/wp-content\/uploads\/2021\/05\/LC_5202-copie-site-1.jpg\" alt=\"\" class=\"wp-image-708\" width=\"510\" height=\"363\" srcset=\"https:\/\/lucieclouard.fr\/wp-content\/uploads\/2021\/05\/LC_5202-copie-site-1.jpg 1024w, https:\/\/lucieclouard.fr\/wp-content\/uploads\/2021\/05\/LC_5202-copie-site-1-300x214.jpg 300w, https:\/\/lucieclouard.fr\/wp-content\/uploads\/2021\/05\/LC_5202-copie-site-1-768x548.jpg 768w\" sizes=\"(max-width: 510px) 100vw, 510px\" \/><\/figure><\/div>\n\n\n\n<div class=\"wp-block-image\"><figure class=\"aligncenter size-large is-resized\"><img loading=\"lazy\" src=\"http:\/\/lucieclouard.fr\/wp-content\/uploads\/2021\/05\/LC_5204-copie-site-1.jpg\" alt=\"\" class=\"wp-image-709\" width=\"510\" height=\"363\" srcset=\"https:\/\/lucieclouard.fr\/wp-content\/uploads\/2021\/05\/LC_5204-copie-site-1.jpg 1024w, https:\/\/lucieclouard.fr\/wp-content\/uploads\/2021\/05\/LC_5204-copie-site-1-300x214.jpg 300w, https:\/\/lucieclouard.fr\/wp-content\/uploads\/2021\/05\/LC_5204-copie-site-1-768x548.jpg 768w\" sizes=\"(max-width: 510px) 100vw, 510px\" \/><\/figure><\/div>\n\n\n\n<div class=\"wp-block-image\"><figure class=\"aligncenter size-large is-resized\"><img loading=\"lazy\" src=\"http:\/\/lucieclouard.fr\/wp-content\/uploads\/2021\/05\/LC_5209-site.jpg\" alt=\"\" class=\"wp-image-711\" width=\"511\" height=\"364\" srcset=\"https:\/\/lucieclouard.fr\/wp-content\/uploads\/2021\/05\/LC_5209-site.jpg 1024w, https:\/\/lucieclouard.fr\/wp-content\/uploads\/2021\/05\/LC_5209-site-300x214.jpg 300w, https:\/\/lucieclouard.fr\/wp-content\/uploads\/2021\/05\/LC_5209-site-768x548.jpg 768w\" sizes=\"(max-width: 511px) 100vw, 511px\" \/><\/figure><\/div>\n\n\n\n&nbsp;&nbsp;&nbsp;&nbsp;\n\n\n\n<div class=\"wp-block-image\"><figure class=\"aligncenter size-large is-resized\"><img loading=\"lazy\" src=\"http:\/\/lucieclouard.fr\/wp-content\/uploads\/2021\/03\/C_7014-683x1024.jpg\" alt=\"\" class=\"wp-image-326\" width=\"512\" height=\"768\" srcset=\"https:\/\/lucieclouard.fr\/wp-content\/uploads\/2021\/03\/C_7014-683x1024.jpg 683w, https:\/\/lucieclouard.fr\/wp-content\/uploads\/2021\/03\/C_7014-200x300.jpg 200w, https:\/\/lucieclouard.fr\/wp-content\/uploads\/2021\/03\/C_7014-768x1152.jpg 768w, https:\/\/lucieclouard.fr\/wp-content\/uploads\/2021\/03\/C_7014.jpg 800w\" sizes=\"(max-width: 512px) 100vw, 512px\" \/><\/figure><\/div>\n\n\n\n<div class=\"wp-block-image\"><figure class=\"aligncenter size-large is-resized\"><img loading=\"lazy\" src=\"http:\/\/lucieclouard.fr\/wp-content\/uploads\/2021\/05\/C_7311-site.jpg\" alt=\"\" class=\"wp-image-717\" width=\"514\" height=\"342\" srcset=\"https:\/\/lucieclouard.fr\/wp-content\/uploads\/2021\/05\/C_7311-site.jpg 1024w, https:\/\/lucieclouard.fr\/wp-content\/uploads\/2021\/05\/C_7311-site-300x200.jpg 300w, https:\/\/lucieclouard.fr\/wp-content\/uploads\/2021\/05\/C_7311-site-768x512.jpg 768w\" sizes=\"(max-width: 514px) 100vw, 514px\" \/><\/figure><\/div>\n\n\n\n<div class=\"wp-block-image\"><figure class=\"aligncenter size-large is-resized\"><img loading=\"lazy\" src=\"http:\/\/lucieclouard.fr\/wp-content\/uploads\/2021\/05\/C_7301-site.jpg\" alt=\"\" class=\"wp-image-716\" width=\"512\" height=\"340\" srcset=\"https:\/\/lucieclouard.fr\/wp-content\/uploads\/2021\/05\/C_7301-site-300x200.jpg 300w, https:\/\/lucieclouard.fr\/wp-content\/uploads\/2021\/05\/C_7301-site-768x512.jpg 768w\" sizes=\"(max-width: 512px) 100vw, 512px\" \/><\/figure><\/div>\n\n\n\n<div class=\"wp-block-image\"><figure class=\"aligncenter size-large is-resized\"><img loading=\"lazy\" src=\"http:\/\/lucieclouard.fr\/wp-content\/uploads\/2021\/05\/C_7487-site.jpg\" alt=\"\" class=\"wp-image-718\" width=\"514\" height=\"342\" srcset=\"https:\/\/lucieclouard.fr\/wp-content\/uploads\/2021\/05\/C_7487-site.jpg 1024w, https:\/\/lucieclouard.fr\/wp-content\/uploads\/2021\/05\/C_7487-site-300x200.jpg 300w, https:\/\/lucieclouard.fr\/wp-content\/uploads\/2021\/05\/C_7487-site-768x512.jpg 768w\" sizes=\"(max-width: 514px) 100vw, 514px\" \/><\/figure><\/div>\n\n\n\n<div class=\"wp-block-image\"><figure class=\"aligncenter size-large is-resized\"><img loading=\"lazy\" src=\"http:\/\/lucieclouard.fr\/wp-content\/uploads\/2021\/05\/C_7504-copie.jpg\" alt=\"\" class=\"wp-image-719\" width=\"512\" height=\"341\" srcset=\"https:\/\/lucieclouard.fr\/wp-content\/uploads\/2021\/05\/C_7504-copie.jpg 1024w, https:\/\/lucieclouard.fr\/wp-content\/uploads\/2021\/05\/C_7504-copie-300x200.jpg 300w, https:\/\/lucieclouard.fr\/wp-content\/uploads\/2021\/05\/C_7504-copie-768x512.jpg 768w\" sizes=\"(max-width: 512px) 100vw, 512px\" \/><\/figure><\/div>\n\n\n\n<div class=\"wp-block-image\"><figure class=\"aligncenter size-large is-resized\"><img loading=\"lazy\" src=\"http:\/\/lucieclouard.fr\/wp-content\/uploads\/2021\/05\/C_7297-copie.jpg\" alt=\"\" class=\"wp-image-715\" width=\"510\" height=\"339\" srcset=\"https:\/\/lucieclouard.fr\/wp-content\/uploads\/2021\/05\/C_7297-copie.jpg 1024w, https:\/\/lucieclouard.fr\/wp-content\/uploads\/2021\/05\/C_7297-copie-300x200.jpg 300w, https:\/\/lucieclouard.fr\/wp-content\/uploads\/2021\/05\/C_7297-copie-768x512.jpg 768w\" sizes=\"(max-width: 510px) 100vw, 510px\" \/><\/figure><\/div>\n\n\n\n<div class=\"wp-block-image\"><figure class=\"aligncenter size-large is-resized\"><img loading=\"lazy\" src=\"http:\/\/lucieclouard.fr\/wp-content\/uploads\/2021\/03\/C_7489-1024x683.jpg\" alt=\"\" class=\"wp-image-329\" width=\"512\" height=\"342\" srcset=\"https:\/\/lucieclouard.fr\/wp-content\/uploads\/2021\/03\/C_7489-1024x683.jpg 1024w, https:\/\/lucieclouard.fr\/wp-content\/uploads\/2021\/03\/C_7489-300x200.jpg 300w, https:\/\/lucieclouard.fr\/wp-content\/uploads\/2021\/03\/C_7489-768x512.jpg 768w, https:\/\/lucieclouard.fr\/wp-content\/uploads\/2021\/03\/C_7489.jpg 1200w\" sizes=\"(max-width: 512px) 100vw, 512px\" \/><\/figure><\/div>\n\n\n\n<div class=\"wp-block-image\"><figure class=\"aligncenter size-large is-resized\"><img loading=\"lazy\" src=\"http:\/\/lucieclouard.fr\/wp-content\/uploads\/2021\/03\/C_7553-1024x683.jpg\" alt=\"\" class=\"wp-image-330\" width=\"512\" height=\"342\" srcset=\"https:\/\/lucieclouard.fr\/wp-content\/uploads\/2021\/03\/C_7553-1024x683.jpg 1024w, https:\/\/lucieclouard.fr\/wp-content\/uploads\/2021\/03\/C_7553-300x200.jpg 300w, https:\/\/lucieclouard.fr\/wp-content\/uploads\/2021\/03\/C_7553-768x512.jpg 768w, https:\/\/lucieclouard.fr\/wp-content\/uploads\/2021\/03\/C_7553.jpg 1200w\" sizes=\"(max-width: 512px) 100vw, 512px\" \/><\/figure><\/div>\n\n\n\n<div class=\"wp-block-image\"><figure class=\"aligncenter size-large is-resized\"><img loading=\"lazy\" src=\"http:\/\/lucieclouard.fr\/wp-content\/uploads\/2021\/03\/C_7312-1024x683.jpg\" alt=\"\" class=\"wp-image-327\" width=\"512\" height=\"342\" srcset=\"https:\/\/lucieclouard.fr\/wp-content\/uploads\/2021\/03\/C_7312-1024x683.jpg 1024w, https:\/\/lucieclouard.fr\/wp-content\/uploads\/2021\/03\/C_7312-300x200.jpg 300w, https:\/\/lucieclouard.fr\/wp-content\/uploads\/2021\/03\/C_7312-768x512.jpg 768w, https:\/\/lucieclouard.fr\/wp-content\/uploads\/2021\/03\/C_7312.jpg 1200w\" sizes=\"(max-width: 512px) 100vw, 512px\" \/><\/figure><\/div>\n\n\n\n<div class=\"wp-block-image\"><figure class=\"aligncenter size-large is-resized\"><img loading=\"lazy\" src=\"http:\/\/lucieclouard.fr\/wp-content\/uploads\/2021\/03\/C_7324-683x1024.jpg\" alt=\"\" class=\"wp-image-328\" width=\"512\" height=\"768\" srcset=\"https:\/\/lucieclouard.fr\/wp-content\/uploads\/2021\/03\/C_7324-683x1024.jpg 683w, https:\/\/lucieclouard.fr\/wp-content\/uploads\/2021\/03\/C_7324-200x300.jpg 200w, https:\/\/lucieclouard.fr\/wp-content\/uploads\/2021\/03\/C_7324-768x1152.jpg 768w, https:\/\/lucieclouard.fr\/wp-content\/uploads\/2021\/03\/C_7324.jpg 800w\" sizes=\"(max-width: 512px) 100vw, 512px\" \/><\/figure><\/div>\n\n\n\n&nbsp;&nbsp;&nbsp;&nbsp;\n\n\n\n<h2 class=\"has-text-align-center\" id=\"49\">49\u00b040&#8217;40.6&#8221;N 1\u00b043&#8217;31.5&#8221;W<\/h2>\n\n\n\n<p><p style=\"text-align: justify;\n  text-justify: inter-word;\n\">On pense pr\u00e9voir et organiser nos vies, cr\u00e9er un horizon clair, g\u00e9rer notre futur\u2026 Mais en y regardant de plus pr\u00e8s, de nombreux facteurs externes viennent troubler et bousculer nos plans. Si ces \u00e9v\u00e8nements inattendus ont des effets positifs ou n\u00e9gatifs sur notre \u00e9tat \u00e9motionnel, ils nous font aussi grandir et avancer.<\/p><\/p>\n\n\n\n&nbsp;&nbsp;&nbsp;&nbsp;\n\n\n\n<div class=\"wp-block-image\"><figure class=\"aligncenter size-large is-resized\"><img loading=\"lazy\" src=\"http:\/\/lucieclouard.fr\/wp-content\/uploads\/2021\/05\/LC_5212-copie-Site-1.jpg\" alt=\"\" class=\"wp-image-611\" width=\"507\" height=\"337\" srcset=\"https:\/\/lucieclouard.fr\/wp-content\/uploads\/2021\/05\/LC_5212-copie-Site-1.jpg 1024w, https:\/\/lucieclouard.fr\/wp-content\/uploads\/2021\/05\/LC_5212-copie-Site-1-300x200.jpg 300w, https:\/\/lucieclouard.fr\/wp-content\/uploads\/2021\/05\/LC_5212-copie-Site-1-768x512.jpg 768w\" sizes=\"(max-width: 507px) 100vw, 507px\" \/><\/figure><\/div>\n\n\n\n<div class=\"wp-block-image\"><figure class=\"aligncenter size-large is-resized\"><img loading=\"lazy\" src=\"http:\/\/lucieclouard.fr\/wp-content\/uploads\/2021\/05\/LC_5217-copie-Site.jpg\" alt=\"\" class=\"wp-image-612\" width=\"508\" height=\"762\" srcset=\"https:\/\/lucieclouard.fr\/wp-content\/uploads\/2021\/05\/LC_5217-copie-Site.jpg 683w, https:\/\/lucieclouard.fr\/wp-content\/uploads\/2021\/05\/LC_5217-copie-Site-200x300.jpg 200w, https:\/\/lucieclouard.fr\/wp-content\/uploads\/2021\/05\/LC_5217-copie-Site-600x900.jpg 600w\" sizes=\"(max-width: 508px) 100vw, 508px\" \/><\/figure><\/div>\n\n\n\n<div class=\"wp-block-image\"><figure class=\"aligncenter size-large is-resized\"><img loading=\"lazy\" src=\"http:\/\/lucieclouard.fr\/wp-content\/uploads\/2021\/05\/LC_5221-copie-Site.jpg\" alt=\"\" class=\"wp-image-613\" width=\"507\" height=\"710\" srcset=\"https:\/\/lucieclouard.fr\/wp-content\/uploads\/2021\/05\/LC_5221-copie-Site.jpg 731w, https:\/\/lucieclouard.fr\/wp-content\/uploads\/2021\/05\/LC_5221-copie-Site-214x300.jpg 214w\" sizes=\"(max-width: 507px) 100vw, 507px\" \/><\/figure><\/div>\n\n\n\n&nbsp;&nbsp;&nbsp;&nbsp;\n\n\n\n<div class=\"wp-block-image\"><figure class=\"aligncenter size-large is-resized\"><img loading=\"lazy\" src=\"http:\/\/lucieclouard.fr\/wp-content\/uploads\/2021\/05\/Lucie__C_4617-683px.jpg\" alt=\"\" class=\"wp-image-458\" width=\"507\" height=\"217\" srcset=\"https:\/\/lucieclouard.fr\/wp-content\/uploads\/2021\/05\/Lucie__C_4617-683px.jpg 683w, https:\/\/lucieclouard.fr\/wp-content\/uploads\/2021\/05\/Lucie__C_4617-683px-300x128.jpg 300w\" sizes=\"(max-width: 507px) 100vw, 507px\" \/><\/figure><\/div>\n\n\n\n<div class=\"wp-block-image\"><figure class=\"aligncenter size-large is-resized\"><img loading=\"lazy\" src=\"http:\/\/lucieclouard.fr\/wp-content\/uploads\/2021\/05\/Lucie__C_4618-683px.jpg\" alt=\"\" class=\"wp-image-460\" width=\"508\" height=\"216\" srcset=\"https:\/\/lucieclouard.fr\/wp-content\/uploads\/2021\/05\/Lucie__C_4618-683px.jpg 683w, https:\/\/lucieclouard.fr\/wp-content\/uploads\/2021\/05\/Lucie__C_4618-683px-300x128.jpg 300w\" sizes=\"(max-width: 508px) 100vw, 508px\" \/><\/figure><\/div>\n\n\n\n<div class=\"wp-block-image\"><figure class=\"aligncenter size-large is-resized\"><img loading=\"lazy\" src=\"http:\/\/lucieclouard.fr\/wp-content\/uploads\/2021\/05\/Lucie__C_4619-683px.jpg\" alt=\"\" class=\"wp-image-463\" width=\"508\" height=\"216\" srcset=\"https:\/\/lucieclouard.fr\/wp-content\/uploads\/2021\/05\/Lucie__C_4619-683px.jpg 683w, https:\/\/lucieclouard.fr\/wp-content\/uploads\/2021\/05\/Lucie__C_4619-683px-300x128.jpg 300w\" sizes=\"(max-width: 508px) 100vw, 508px\" \/><\/figure><\/div>\n\n\n\n<div class=\"wp-block-image\"><figure class=\"aligncenter size-large is-resized\"><img loading=\"lazy\" src=\"http:\/\/lucieclouard.fr\/wp-content\/uploads\/2021\/05\/Lucie__C_4624-683px.jpg\" alt=\"\" class=\"wp-image-464\" width=\"508\" height=\"216\" srcset=\"https:\/\/lucieclouard.fr\/wp-content\/uploads\/2021\/05\/Lucie__C_4624-683px.jpg 683w, https:\/\/lucieclouard.fr\/wp-content\/uploads\/2021\/05\/Lucie__C_4624-683px-300x128.jpg 300w\" sizes=\"(max-width: 508px) 100vw, 508px\" \/><\/figure><\/div>\n\n\n\n<div class=\"wp-block-image\"><figure class=\"aligncenter size-large is-resized\"><img loading=\"lazy\" src=\"http:\/\/lucieclouard.fr\/wp-content\/uploads\/2021\/05\/Lucie__C_4631-683px.jpg\" alt=\"\" class=\"wp-image-465\" width=\"508\" height=\"215\" srcset=\"https:\/\/lucieclouard.fr\/wp-content\/uploads\/2021\/05\/Lucie__C_4631-683px.jpg 683w, https:\/\/lucieclouard.fr\/wp-content\/uploads\/2021\/05\/Lucie__C_4631-683px-300x127.jpg 300w\" sizes=\"(max-width: 508px) 100vw, 508px\" \/><\/figure><\/div>\n\n\n\n<div class=\"wp-block-image\"><figure class=\"aligncenter size-large is-resized\"><img loading=\"lazy\" src=\"http:\/\/lucieclouard.fr\/wp-content\/uploads\/2021\/05\/Lucie__C_4633-683px.jpg\" alt=\"\" class=\"wp-image-466\" width=\"508\" height=\"217\" srcset=\"https:\/\/lucieclouard.fr\/wp-content\/uploads\/2021\/05\/Lucie__C_4633-683px.jpg 683w, https:\/\/lucieclouard.fr\/wp-content\/uploads\/2021\/05\/Lucie__C_4633-683px-300x128.jpg 300w\" sizes=\"(max-width: 508px) 100vw, 508px\" \/><\/figure><\/div>\n\n\n\n<div class=\"wp-block-image\"><figure class=\"aligncenter size-large is-resized\"><img loading=\"lazy\" src=\"http:\/\/lucieclouard.fr\/wp-content\/uploads\/2021\/05\/Lucie__C_4634-683px.jpg\" alt=\"\" class=\"wp-image-467\" width=\"507\" height=\"216\" srcset=\"https:\/\/lucieclouard.fr\/wp-content\/uploads\/2021\/05\/Lucie__C_4634-683px.jpg 683w, https:\/\/lucieclouard.fr\/wp-content\/uploads\/2021\/05\/Lucie__C_4634-683px-300x128.jpg 300w\" sizes=\"(max-width: 507px) 100vw, 507px\" \/><\/figure><\/div>\n\n\n\n<p>&nbsp;&nbsp;&nbsp;&nbsp;<\/p>\n\n\n\n<h2 class=\"has-text-align-center\" id=\"Tunnel\">Le bout du tunnel ?<\/h2>\n\n\n\n<p><\/p>\n\n\n\n<p style=\"text-align: justify;\n  text-justify: inter-word;\n\">N\u00e9e en 2000, j&#8217;ai grandi avec de plus en plus d&#8217;\u00e9volution et de d\u00e9couvertes, dans une soci\u00e9t\u00e9 o\u00f9 tout nous semblait possible. Seulement 20 ans plus tard, l&#8217;\u00e2ge adulte ne ressemble pas vraiment au monde auquel je m&#8217;\u00e9tais pr\u00e9par\u00e9e. Actuellement, nous vivons dans une p\u00e9riode particuli\u00e8re, nous comprenons \u00e0 peine le pr\u00e9sent et le futur est totalement flou. Nous sommes contraints d\u2019avancer \u00e0 l\u2019aveugle. Il nous est souvent dit que l&#8217;on arrive bient\u00f4t au bout du tunnel, mais qui peut en \u00eatre certain ? Et que va-t-on y trouver ?<br>Cette s\u00e9rie de paysages dans la brume est la m\u00e9taphore de mon \u00e9tat d\u2019esprit actuel. Ces images retranscrivent ma peur de l\u2019avenir et de l\u2019inconnu. Grande impression de solitude et de silence.<\/p>\n\n\n\n<p>&nbsp;&nbsp;&nbsp;&nbsp;&nbsp;<\/p>\n\n\n\n<div class=\"wp-block-image\"><figure class=\"aligncenter size-large is-resized\"><img loading=\"lazy\" src=\"https:\/\/lucieclouard.fr\/wp-content\/uploads\/2021\/06\/Clouard-Lucie-_LC_5248_1-1024x658.jpg\" alt=\"\" class=\"wp-image-823\" width=\"593\" height=\"381\" srcset=\"https:\/\/lucieclouard.fr\/wp-content\/uploads\/2021\/06\/Clouard-Lucie-_LC_5248_1-1024x658.jpg 1024w, https:\/\/lucieclouard.fr\/wp-content\/uploads\/2021\/06\/Clouard-Lucie-_LC_5248_1-300x193.jpg 300w, https:\/\/lucieclouard.fr\/wp-content\/uploads\/2021\/06\/Clouard-Lucie-_LC_5248_1-768x494.jpg 768w, https:\/\/lucieclouard.fr\/wp-content\/uploads\/2021\/06\/Clouard-Lucie-_LC_5248_1-1536x987.jpg 1536w, https:\/\/lucieclouard.fr\/wp-content\/uploads\/2021\/06\/Clouard-Lucie-_LC_5248_1-2048x1316.jpg 2048w\" sizes=\"(max-width: 593px) 100vw, 593px\" \/><\/figure><\/div>\n\n\n\n<div class=\"wp-block-image\"><figure class=\"aligncenter size-large is-resized\"><img loading=\"lazy\" src=\"https:\/\/lucieclouard.fr\/wp-content\/uploads\/2021\/06\/LC_2109-site.jpg\" alt=\"\" class=\"wp-image-826\" width=\"594\" height=\"891\" srcset=\"https:\/\/lucieclouard.fr\/wp-content\/uploads\/2021\/06\/LC_2109-site.jpg 683w, https:\/\/lucieclouard.fr\/wp-content\/uploads\/2021\/06\/LC_2109-site-200x300.jpg 200w, https:\/\/lucieclouard.fr\/wp-content\/uploads\/2021\/06\/LC_2109-site-600x900.jpg 600w\" sizes=\"(max-width: 594px) 100vw, 594px\" \/><\/figure><\/div>\n\n\n\n<div class=\"wp-block-image\"><figure class=\"aligncenter size-large is-resized\"><img loading=\"lazy\" src=\"https:\/\/lucieclouard.fr\/wp-content\/uploads\/2021\/06\/LC_2123-site.jpg\" alt=\"\" class=\"wp-image-827\" width=\"594\" height=\"395\" srcset=\"https:\/\/lucieclouard.fr\/wp-content\/uploads\/2021\/06\/LC_2123-site.jpg 1024w, https:\/\/lucieclouard.fr\/wp-content\/uploads\/2021\/06\/LC_2123-site-300x200.jpg 300w, https:\/\/lucieclouard.fr\/wp-content\/uploads\/2021\/06\/LC_2123-site-768x512.jpg 768w\" sizes=\"(max-width: 594px) 100vw, 594px\" \/><\/figure><\/div>\n\n\n\n<div class=\"wp-block-image\"><figure class=\"aligncenter size-large is-resized\"><img loading=\"lazy\" src=\"https:\/\/lucieclouard.fr\/wp-content\/uploads\/2021\/06\/LC_2154-site.jpg\" alt=\"\" class=\"wp-image-831\" width=\"594\" height=\"891\" srcset=\"https:\/\/lucieclouard.fr\/wp-content\/uploads\/2021\/06\/LC_2154-site.jpg 683w, https:\/\/lucieclouard.fr\/wp-content\/uploads\/2021\/06\/LC_2154-site-200x300.jpg 200w, https:\/\/lucieclouard.fr\/wp-content\/uploads\/2021\/06\/LC_2154-site-600x900.jpg 600w\" sizes=\"(max-width: 594px) 100vw, 594px\" \/><\/figure><\/div>\n\n\n\n<div class=\"wp-block-image\"><figure class=\"aligncenter size-large is-resized\"><img loading=\"lazy\" src=\"https:\/\/lucieclouard.fr\/wp-content\/uploads\/2021\/06\/LC_2131-site.jpg\" alt=\"\" class=\"wp-image-829\" width=\"593\" height=\"889\" srcset=\"https:\/\/lucieclouard.fr\/wp-content\/uploads\/2021\/06\/LC_2131-site.jpg 683w, https:\/\/lucieclouard.fr\/wp-content\/uploads\/2021\/06\/LC_2131-site-200x300.jpg 200w, https:\/\/lucieclouard.fr\/wp-content\/uploads\/2021\/06\/LC_2131-site-600x900.jpg 600w\" sizes=\"(max-width: 593px) 100vw, 593px\" \/><\/figure><\/div>\n\n\n\n<div class=\"wp-block-image\"><figure class=\"aligncenter size-large is-resized\"><img loading=\"lazy\" src=\"https:\/\/lucieclouard.fr\/wp-content\/uploads\/2021\/06\/LC_2107-site.jpg\" alt=\"\" class=\"wp-image-825\" width=\"593\" height=\"395\" srcset=\"https:\/\/lucieclouard.fr\/wp-content\/uploads\/2021\/06\/LC_2107-site.jpg 1024w, https:\/\/lucieclouard.fr\/wp-content\/uploads\/2021\/06\/LC_2107-site-300x200.jpg 300w, https:\/\/lucieclouard.fr\/wp-content\/uploads\/2021\/06\/LC_2107-site-768x512.jpg 768w\" sizes=\"(max-width: 593px) 100vw, 593px\" \/><\/figure><\/div>\n\n\n\n<div class=\"wp-block-image\"><figure class=\"aligncenter size-large is-resized\"><img loading=\"lazy\" src=\"https:\/\/lucieclouard.fr\/wp-content\/uploads\/2021\/06\/LC_2135-site.jpg\" alt=\"\" class=\"wp-image-830\" width=\"594\" height=\"891\" srcset=\"https:\/\/lucieclouard.fr\/wp-content\/uploads\/2021\/06\/LC_2135-site.jpg 683w, https:\/\/lucieclouard.fr\/wp-content\/uploads\/2021\/06\/LC_2135-site-200x300.jpg 200w, https:\/\/lucieclouard.fr\/wp-content\/uploads\/2021\/06\/LC_2135-site-600x900.jpg 600w\" sizes=\"(max-width: 594px) 100vw, 594px\" \/><\/figure><\/div>\n","protected":false},"excerpt":{"rendered":"<p>DM17A &nbsp;&nbsp;&nbsp;&nbsp; En hiver, tous les trajets en transports en communs se ressemblent. Il fait nuit, froid&nbsp;et la fatigue de<\/p>\n<p class=\"more-link\"><a href=\"https:\/\/lucieclouard.fr\/?page_id=337\" class=\"readmore\">Continue reading<span class=\"screen-reader-text\">Personnel<\/span><\/a><\/p>\n","protected":false},"author":1,"featured_media":0,"parent":0,"menu_order":0,"comment_status":"closed","ping_status":"closed","template":"","meta":{"ngg_post_thumbnail":0},"_links":{"self":[{"href":"https:\/\/lucieclouard.fr\/index.php?rest_route=\/wp\/v2\/pages\/337"}],"collection":[{"href":"https:\/\/lucieclouard.fr\/index.php?rest_route=\/wp\/v2\/pages"}],"about":[{"href":"https:\/\/lucieclouard.fr\/index.php?rest_route=\/wp\/v2\/types\/page"}],"author":[{"embeddable":true,"href":"https:\/\/lucieclouard.fr\/index.php?rest_route=\/wp\/v2\/users\/1"}],"replies":[{"embeddable":true,"href":"https:\/\/lucieclouard.fr\/index.php?rest_route=%2Fwp%2Fv2%2Fcomments&post=337"}],"version-history":[{"count":29,"href":"https:\/\/lucieclouard.fr\/index.php?rest_route=\/wp\/v2\/pages\/337\/revisions"}],"predecessor-version":[{"id":833,"href":"https:\/\/lucieclouard.fr\/index.php?rest_route=\/wp\/v2\/pages\/337\/revisions\/833"}],"wp:attachment":[{"href":"https:\/\/lucieclouard.fr\/index.php?rest_route=%2Fwp%2Fv2%2Fmedia&parent=337"}],"curies":[{"name":"wp","href":"https:\/\/api.w.org\/{rel}","templated":true}]}}